{"id":7328,"date":"2023-08-24T08:54:57","date_gmt":"2023-08-24T08:54:57","guid":{"rendered":"https:\/\/enel.tdigital.it\/insegnante\/"},"modified":"2023-10-26T08:51:31","modified_gmt":"2023-10-26T08:51:31","slug":"profesor","status":"publish","type":"page","link":"https:\/\/enel.tdigital.it\/es\/profesor\/","title":{"rendered":"\u00bfEres un profesor?"},"content":{"rendered":"[vc_row type=&#8221;full_width_background&#8221; full_screen_row_position=&#8221;middle&#8221; column_margin=&#8221;default&#8221; column_direction=&#8221;default&#8221; column_direction_tablet=&#8221;default&#8221; column_direction_phone=&#8221;default&#8221; bg_color=&#8221;#333333&#8243; bg_image=&#8221;6385&#8243; bg_position=&#8221;left top&#8221; background_image_loading=&#8221;default&#8221; bg_repeat=&#8221;no-repeat&#8221; video_bg=&#8221;use_video&#8221; background_video_loading=&#8221;default&#8221; scene_position=&#8221;center&#8221; text_color=&#8221;light&#8221; text_align=&#8221;left&#8221; row_border_radius=&#8221;none&#8221; row_border_radius_applies=&#8221;bg&#8221; overflow=&#8221;visible&#8221; enable_gradient=&#8221;true&#8221; color_overlay=&#8221;#0a0a0a&#8221; color_overlay_2=&#8221;rgba(2,2,2,0.65)&#8221; overlay_strength=&#8221;0.8&#8243; gradient_direction=&#8221;top_to_bottom&#8221; shape_divider_position=&#8221;bottom&#8221; bg_image_animation=&#8221;none&#8221; parallax_bg=&#8221;true&#8221; parallax_bg_speed=&#8221;fast&#8221; video_mute=&#8221;true&#8221; gradient_type=&#8221;default&#8221; shape_type=&#8221;&#8221;][vc_column column_padding=&#8221;padding-5-percent&#8221; column_padding_tablet=&#8221;inherit&#8221; column_padding_phone=&#8221;inherit&#8221; column_padding_position=&#8221;top-bottom&#8221; top_margin=&#8221;6%&#8221; column_element_direction_desktop=&#8221;default&#8221; column_element_spacing=&#8221;default&#8221; desktop_text_alignment=&#8221;default&#8221; tablet_text_alignment=&#8221;default&#8221; phone_text_alignment=&#8221;default&#8221; background_color_opacity=&#8221;1&#8243; background_hover_color_opacity=&#8221;1&#8243; column_backdrop_filter=&#8221;none&#8221; column_shadow=&#8221;none&#8221; column_border_radius=&#8221;none&#8221; column_link_target=&#8221;_self&#8221; column_position=&#8221;default&#8221; gradient_direction=&#8221;left_to_right&#8221; overlay_strength=&#8221;0.3&#8243; width=&#8221;2\/3&#8243; tablet_width_inherit=&#8221;default&#8221; animation_type=&#8221;default&#8221; bg_image_animation=&#8221;none&#8221; border_type=&#8221;simple&#8221; column_border_width=&#8221;none&#8221; column_border_style=&#8221;solid&#8221; column_padding_type=&#8221;default&#8221; gradient_type=&#8221;default&#8221;][vc_custom_heading text=&#8221;\u00bfEres profe?&#8221; font_container=&#8221;tag:h5|text_align:left|color:rgba(255%2C255%2C255%2C0.74)&#8221; use_theme_fonts=&#8221;yes&#8221; css_animation=&#8221;fadeInUp&#8221;][split_line_heading animation_type=&#8221;line-reveal-by-space&#8221; font_style=&#8221;h2&#8243; line_reveal_by_space_text_effect=&#8221;default&#8221; content_alignment=&#8221;default&#8221; mobile_content_alignment=&#8221;inherit&#8221; link_target=&#8221;_self&#8221; text_content=&#8221;Lleva la sostenibilidad a tus clases&#8221;]\n<h2>Let&#8217;s Change How We<\/h2>\n<h2>Manage Business<\/h2>\n[\/split_line_heading][vc_row_inner column_margin=&#8221;default&#8221; column_direction=&#8221;default&#8221; column_direction_tablet=&#8221;default&#8221; column_direction_phone=&#8221;default&#8221; text_align=&#8221;left&#8221; row_position=&#8221;default&#8221; row_position_tablet=&#8221;inherit&#8221; row_position_phone=&#8221;inherit&#8221; overflow=&#8221;visible&#8221; pointer_events=&#8221;all&#8221;][vc_column_inner column_padding=&#8221;no-extra-padding&#8221; column_padding_tablet=&#8221;inherit&#8221; column_padding_phone=&#8221;inherit&#8221; column_padding_position=&#8221;all&#8221; column_element_direction_desktop=&#8221;default&#8221; column_element_spacing=&#8221;default&#8221; desktop_text_alignment=&#8221;default&#8221; tablet_text_alignment=&#8221;default&#8221; phone_text_alignment=&#8221;default&#8221; background_color_opacity=&#8221;1&#8243; background_hover_color_opacity=&#8221;1&#8243; column_backdrop_filter=&#8221;none&#8221; column_shadow=&#8221;none&#8221; column_border_radius=&#8221;none&#8221; column_link_target=&#8221;_self&#8221; overflow=&#8221;visible&#8221; gradient_direction=&#8221;left_to_right&#8221; overlay_strength=&#8221;0.3&#8243; width=&#8221;1\/1&#8243; tablet_width_inherit=&#8221;default&#8221; animation_type=&#8221;default&#8221; enable_animation=&#8221;true&#8221; animation=&#8221;fade-in-from-bottom&#8221; animation_easing=&#8221;default&#8221; bg_image_animation=&#8221;none&#8221; border_type=&#8221;simple&#8221; column_border_width=&#8221;none&#8221; column_border_style=&#8221;solid&#8221; delay=&#8221;300&#8243;][vc_custom_heading text=&#8221;PlayEnergy \u00abRoad to Zero\u00bb es la oportunidades que esperabas para captar y catalizar la atenci\u00f3n de tus alumnos por temas cada vez m\u00e1s esenciales, como el cambio clim\u00e1tico, las energ\u00edas renovables, la econom\u00eda circular y la sostenibilidad.<br \/>\nA trav\u00e9s de un juego sencillo y divertido, los estudiantes aprender\u00e1n sobre cuestiones importantes relacionadas con la educaci\u00f3n ecol\u00f3gica y c\u00edvica y, adem\u00e1s, tendr\u00e1n la oportunidad de ganar premios seleccionados espec\u00edficamente para la Generaci\u00f3n Z mientras disfrutan haciendo frente a diferentes misiones.&#8221; font_container=&#8221;tag:p|text_align:left|color:rgba(255%2C255%2C255%2C0.7)&#8221; use_theme_fonts=&#8221;yes&#8221;][\/vc_column_inner][\/vc_row_inner][nectar_btn size=&#8221;large&#8221; open_new_tab=&#8221;true&#8221; button_style=&#8221;regular&#8221; button_color_2=&#8221;Extra-Color-1&#8243; icon_family=&#8221;none&#8221; url=&#8221;https:\/\/es.roadtozeroplayenergy.it\/subscribe &#8221; text=&#8221;REG\u00cdSTRATE AHORA&#8221; margin_top=&#8221;30&#8243; css_animation=&#8221;fadeInUp&#8221;][\/vc_column][vc_column column_padding=&#8221;padding-4-percent&#8221; column_padding_tablet=&#8221;inherit&#8221; column_padding_phone=&#8221;inherit&#8221; column_padding_position=&#8221;top&#8221; bottom_margin=&#8221;-400&#8243; column_element_direction_desktop=&#8221;default&#8221; column_element_spacing=&#8221;default&#8221; desktop_text_alignment=&#8221;default&#8221; tablet_text_alignment=&#8221;default&#8221; phone_text_alignment=&#8221;default&#8221; background_color_opacity=&#8221;1&#8243; background_hover_color_opacity=&#8221;1&#8243; column_backdrop_filter=&#8221;none&#8221; column_shadow=&#8221;none&#8221; column_border_radius=&#8221;none&#8221; column_link_target=&#8221;_self&#8221; column_position=&#8221;default&#8221; gradient_direction=&#8221;left_to_right&#8221; overlay_strength=&#8221;0.3&#8243; width=&#8221;1\/3&#8243; tablet_width_inherit=&#8221;default&#8221; animation_type=&#8221;default&#8221; bg_image_animation=&#8221;none&#8221; border_type=&#8221;simple&#8221; column_border_width=&#8221;none&#8221; column_border_style=&#8221;solid&#8221; column_padding_type=&#8221;default&#8221; gradient_type=&#8221;default&#8221; offset=&#8221;vc_hidden-sm vc_hidden-xs&#8221;][image_with_animation image_url=&#8221;6398&#8243; image_size=&#8221;medium_large&#8221; animation_type=&#8221;entrance&#8221; animation=&#8221;Fade In From Bottom&#8221; animation_easing=&#8221;default&#8221; animation_movement_type=&#8221;transform_y&#8221; hover_animation=&#8221;zoom&#8221; alignment=&#8221;&#8221; border_radius=&#8221;none&#8221; box_shadow=&#8221;none&#8221; image_loading=&#8221;default&#8221; max_width=&#8221;custom&#8221; max_width_custom=&#8221;80%&#8221; margin_bottom=&#8221;-10&#8243;][\/vc_column][\/vc_row][vc_row type=&#8221;full_width_content&#8221; full_screen_row_position=&#8221;middle&#8221; column_margin=&#8221;default&#8221; equal_height=&#8221;yes&#8221; content_placement=&#8221;middle&#8221; column_direction=&#8221;default&#8221; column_direction_tablet=&#8221;default&#8221; column_direction_phone=&#8221;default&#8221; bg_color=&#8221;#232323&#8243; scene_position=&#8221;center&#8221; text_color=&#8221;dark&#8221; text_align=&#8221;left&#8221; row_border_radius=&#8221;none&#8221; row_border_radius_applies=&#8221;bg&#8221; overflow=&#8221;visible&#8221; overlay_strength=&#8221;0.3&#8243; gradient_direction=&#8221;left_to_right&#8221; shape_divider_position=&#8221;bottom&#8221; bg_image_animation=&#8221;none&#8221; gradient_type=&#8221;default&#8221; shape_type=&#8221;&#8221;][vc_column column_padding=&#8221;no-extra-padding&#8221; column_padding_tablet=&#8221;inherit&#8221; column_padding_phone=&#8221;inherit&#8221; column_padding_position=&#8221;all&#8221; column_element_direction_desktop=&#8221;default&#8221; column_element_spacing=&#8221;default&#8221; desktop_text_alignment=&#8221;default&#8221; tablet_text_alignment=&#8221;default&#8221; phone_text_alignment=&#8221;default&#8221; background_color_opacity=&#8221;1&#8243; background_hover_color_opacity=&#8221;1&#8243; background_image=&#8221;6561&#8243; background_image_position=&#8221;center center&#8221; background_image_stacking=&#8221;default&#8221; enable_bg_scale=&#8221;true&#8221; background_image_loading=&#8221;default&#8221; column_backdrop_filter=&#8221;none&#8221; column_shadow=&#8221;none&#8221; column_border_radius=&#8221;none&#8221; column_link_target=&#8221;_self&#8221; column_position=&#8221;default&#8221; gradient_direction=&#8221;left_to_right&#8221; overlay_strength=&#8221;0.3&#8243; width=&#8221;1\/2&#8243; tablet_width_inherit=&#8221;default&#8221; animation_type=&#8221;default&#8221; bg_image_animation=&#8221;none&#8221; parallax_bg=&#8221;true&#8221; parallax_bg_speed=&#8221;minimum&#8221; border_type=&#8221;simple&#8221; column_border_width=&#8221;none&#8221; column_border_style=&#8221;solid&#8221; column_padding_type=&#8221;default&#8221; gradient_type=&#8221;default&#8221;][image_with_animation image_url=&#8221;6352&#8243; image_size=&#8221;medium_large&#8221; animation_type=&#8221;entrance&#8221; animation=&#8221;Fade In From Bottom&#8221; animation_easing=&#8221;default&#8221; animation_movement_type=&#8221;transform_y&#8221; hover_animation=&#8221;zoom&#8221; alignment=&#8221;right&#8221; border_radius=&#8221;none&#8221; box_shadow=&#8221;none&#8221; image_loading=&#8221;default&#8221; max_width=&#8221;custom&#8221; max_width_custom=&#8221;38%&#8221; margin_right=&#8221;-150&#8243;][\/vc_column][vc_column column_padding=&#8221;padding-9-percent&#8221; column_padding_tablet=&#8221;inherit&#8221; column_padding_phone=&#8221;inherit&#8221; column_padding_position=&#8221;all&#8221; column_element_direction_desktop=&#8221;default&#8221; column_element_spacing=&#8221;default&#8221; desktop_text_alignment=&#8221;default&#8221; tablet_text_alignment=&#8221;default&#8221; phone_text_alignment=&#8221;default&#8221; background_color=&#8221;#ffffff&#8221; background_color_opacity=&#8221;1&#8243; background_hover_color_opacity=&#8221;1&#8243; column_backdrop_filter=&#8221;none&#8221; column_shadow=&#8221;none&#8221; column_border_radius=&#8221;none&#8221; column_link_target=&#8221;_self&#8221; column_position=&#8221;default&#8221; gradient_direction=&#8221;left_to_right&#8221; overlay_strength=&#8221;0.3&#8243; width=&#8221;1\/2&#8243; tablet_width_inherit=&#8221;default&#8221; animation_type=&#8221;default&#8221; bg_image_animation=&#8221;none&#8221; border_type=&#8221;simple&#8221; column_border_width=&#8221;none&#8221; column_border_style=&#8221;solid&#8221; column_padding_type=&#8221;default&#8221; gradient_type=&#8221;default&#8221;][vc_row_inner column_margin=&#8221;default&#8221; column_direction=&#8221;default&#8221; column_direction_tablet=&#8221;default&#8221; column_direction_phone=&#8221;default&#8221; text_align=&#8221;left&#8221; row_position=&#8221;default&#8221; row_position_tablet=&#8221;inherit&#8221; row_position_phone=&#8221;inherit&#8221; overflow=&#8221;visible&#8221; pointer_events=&#8221;all&#8221;][vc_column_inner column_padding=&#8221;no-extra-padding&#8221; column_padding_tablet=&#8221;inherit&#8221; column_padding_phone=&#8221;inherit&#8221; column_padding_position=&#8221;all&#8221; column_element_direction_desktop=&#8221;default&#8221; column_element_spacing=&#8221;default&#8221; desktop_text_alignment=&#8221;default&#8221; tablet_text_alignment=&#8221;default&#8221; phone_text_alignment=&#8221;default&#8221; background_color_opacity=&#8221;1&#8243; background_hover_color_opacity=&#8221;1&#8243; column_backdrop_filter=&#8221;none&#8221; column_shadow=&#8221;none&#8221; column_border_radius=&#8221;none&#8221; column_link_target=&#8221;_self&#8221; overflow=&#8221;visible&#8221; gradient_direction=&#8221;left_to_right&#8221; overlay_strength=&#8221;0.3&#8243; width=&#8221;1\/1&#8243; tablet_width_inherit=&#8221;default&#8221; animation_type=&#8221;default&#8221; enable_animation=&#8221;true&#8221; animation=&#8221;fade-in-from-right&#8221; animation_easing=&#8221;default&#8221; bg_image_animation=&#8221;none&#8221; border_type=&#8221;simple&#8221; column_border_width=&#8221;none&#8221; column_border_style=&#8221;solid&#8221; column_padding_type=&#8221;default&#8221; gradient_type=&#8221;default&#8221; delay=&#8221;2&#8243;][vc_custom_heading text=&#8221;Las ventajas para el profesor&#8221; font_container=&#8221;tag:h5|text_align:left|color:%23000000&#8243; use_theme_fonts=&#8221;yes&#8221; css=&#8221;.vc_custom_1695829123604{margin-bottom: 10px !important;}&#8221;][nectar_gradient_text heading_tag=&#8221;h2&#8243; color=&#8221;extra-color-gradient-2&#8243; gradient_direction=&#8221;diagonal&#8221; text=&#8221;PlayEnergy<br \/>\n&#8220;Road to Zero&#8220;&#8221;][vc_custom_heading text=&#8221;PlayEnergy es un m\u00e9todo digital, alternativo y divertido para explicar el desarrollo sostenible en el aula. Haciendo uso de estrat\u00e9gicas de gamificaci\u00f3n y del lenguaje propio de la Generaci\u00f3n Z, podr\u00e1s usar una herramienta digital e interactiva en tus clases para despertar la curiosidad de tus estudiantes, estimularlos y lograr que participen al m\u00e1ximo.<br \/>\nAdem\u00e1s, ser\u00e1s parte activa del proyecto, porque acompa\u00f1ar\u00e1s a tus alumnos mientras completan la Misi\u00f3n Escolar, que aborda temas relacionados con la sostenibilidad, haciendo especial hincapi\u00e9 en los ODS (los Objetivos de Desarrollo Sostenible de la ONU).<br \/>\nAl registrarte en PlayEnergy, tendr\u00e1s acceso a los Planes de Lecci\u00f3n, \u00fatiles para llevar a cabo la Misi\u00f3n Escolar y apoyar y enriquecer el trabajo realizado en el aula sobre los temas de PlayEnergy.&#8221; font_container=&#8221;tag:p|text_align:left|color:rgba(10%2C10%2C10%2C0.6)&#8221; use_theme_fonts=&#8221;yes&#8221;][nectar_btn size=&#8221;large&#8221; open_new_tab=&#8221;true&#8221; button_style=&#8221;regular&#8221; button_color_2=&#8221;Accent-Color&#8221; icon_family=&#8221;none&#8221; url=&#8221;https:\/\/es.roadtozeroplayenergy.it\/subscribe &#8221; text=&#8221;REG\u00cdSTRATE INMEDIATAMENTE&#8221; margin_top=&#8221;10&#8243;][\/vc_column_inner][\/vc_row_inner][\/vc_column][\/vc_row]\n","protected":false},"excerpt":{"rendered":"<p>[vc_row type=&#8221;full_width_background&#8221; full_screen_row_position=&#8221;middle&#8221; column_margin=&#8221;default&#8221; column_direction=&#8221;default&#8221; column_direction_tablet=&#8221;default&#8221; column_direction_phone=&#8221;default&#8221; bg_color=&#8221;#333333&#8243; bg_image=&#8221;6385&#8243; bg_position=&#8221;left top&#8221; background_image_loading=&#8221;default&#8221; bg_repeat=&#8221;no-repeat&#8221; video_bg=&#8221;use_video&#8221; background_video_loading=&#8221;default&#8221;&#8230;<\/p>\n","protected":false},"author":2,"featured_media":0,"parent":0,"menu_order":17,"comment_status":"closed","ping_status":"closed","template":"","meta":{"inline_featured_image":false,"footnotes":""},"class_list":["post-7328","page","type-page","status-publish"],"yoast_head":"<!-- This site is optimized with the Yoast SEO plugin v21.4 - https:\/\/yoast.com\/wordpress\/plugins\/seo\/ -->\n<title>Enel Play Energy 2023 | \u00bfEres un profesor?<\/title>\n<meta name=\"description\" content=\"Enel Play Energy es el concurso que premia la sostenibilidad. Convi\u00e9rtete en Zero Champion y gana los premios en juego.\" \/>\n<meta name=\"robots\" content=\"noindex, follow\" \/>\n<meta property=\"og:locale\" content=\"es_ES\" \/>\n<meta property=\"og:type\" content=\"article\" \/>\n<meta property=\"og:title\" content=\"Enel Play Energy 2023\" \/>\n<meta property=\"og:description\" content=\"Enel Play Energy es el concurso que premia la sostenibilidad. Participa en el juego, convi\u00e9rtete en Zero Champion y gana los premios en juego.\" \/>\n<meta property=\"og:url\" content=\"https:\/\/enel.tdigital.it\/es\/profesor\/\" \/>\n<meta property=\"og:site_name\" content=\"Enel Play Energy 2023\" \/>\n<meta property=\"article:modified_time\" content=\"2023-10-26T08:51:31+00:00\" \/>\n<meta property=\"og:image\" content=\"https:\/\/enel.tdigital.it\/wp-content\/uploads\/2023\/08\/Enel-Play-Energy-2023-1024x576.jpg\" \/>\n<meta name=\"twitter:card\" content=\"summary_large_image\" \/>\n<meta name=\"twitter:title\" content=\"Enel Play Energy 2023\" \/>\n<meta name=\"twitter:description\" content=\"Enel Play Energy es el concurso que premia la sostenibilidad. Participa en el juego, convi\u00e9rtete en Zero Champion y gana los premios en juego.\" \/>\n<meta name=\"twitter:image\" content=\"https:\/\/enel.tdigital.it\/wp-content\/uploads\/2023\/08\/Enel-Play-Energy-2023.jpg\" \/>\n<meta name=\"twitter:label1\" content=\"Tiempo de lectura\" \/>\n\t<meta name=\"twitter:data1\" content=\"3 minutos\" \/>\n<script type=\"application\/ld+json\" class=\"yoast-schema-graph\">{\"@context\":\"https:\/\/schema.org\",\"@graph\":[{\"@type\":\"WebPage\",\"@id\":\"https:\/\/enel.tdigital.it\/es\/profesor\/\",\"url\":\"https:\/\/enel.tdigital.it\/es\/profesor\/\",\"name\":\"Enel Play Energy 2023 | \u00bfEres un profesor?\",\"isPartOf\":{\"@id\":\"https:\/\/enel.tdigital.it\/es\/#website\"},\"datePublished\":\"2023-08-24T08:54:57+00:00\",\"dateModified\":\"2023-10-26T08:51:31+00:00\",\"description\":\"Enel Play Energy es el concurso que premia la sostenibilidad. Convi\u00e9rtete en Zero Champion y gana los premios en juego.\",\"breadcrumb\":{\"@id\":\"https:\/\/enel.tdigital.it\/es\/profesor\/#breadcrumb\"},\"inLanguage\":\"es\",\"potentialAction\":[{\"@type\":\"ReadAction\",\"target\":[\"https:\/\/enel.tdigital.it\/es\/profesor\/\"]}]},{\"@type\":\"BreadcrumbList\",\"@id\":\"https:\/\/enel.tdigital.it\/es\/profesor\/#breadcrumb\",\"itemListElement\":[{\"@type\":\"ListItem\",\"position\":1,\"name\":\"Home\",\"item\":\"https:\/\/enel.tdigital.it\/es\/\"},{\"@type\":\"ListItem\",\"position\":2,\"name\":\"\u00bfEres un profesor?\"}]},{\"@type\":\"WebSite\",\"@id\":\"https:\/\/enel.tdigital.it\/es\/#website\",\"url\":\"https:\/\/enel.tdigital.it\/es\/\",\"name\":\"Enel Play Energy 2023\",\"description\":\"Road to Zero\",\"publisher\":{\"@id\":\"https:\/\/enel.tdigital.it\/es\/#organization\"},\"potentialAction\":[{\"@type\":\"SearchAction\",\"target\":{\"@type\":\"EntryPoint\",\"urlTemplate\":\"https:\/\/enel.tdigital.it\/es\/?s={search_term_string}\"},\"query-input\":\"required name=search_term_string\"}],\"inLanguage\":\"es\"},{\"@type\":\"Organization\",\"@id\":\"https:\/\/enel.tdigital.it\/es\/#organization\",\"name\":\"Enel Play Energy 2023\",\"url\":\"https:\/\/enel.tdigital.it\/es\/\",\"logo\":{\"@type\":\"ImageObject\",\"inLanguage\":\"es\",\"@id\":\"https:\/\/enel.tdigital.it\/es\/#\/schema\/logo\/image\/\",\"url\":\"https:\/\/enel.tdigital.it\/wp-content\/uploads\/2023\/06\/ted-Tavola-disegno-27-copia-10.svg\",\"contentUrl\":\"https:\/\/enel.tdigital.it\/wp-content\/uploads\/2023\/06\/ted-Tavola-disegno-27-copia-10.svg\",\"width\":\"1024\",\"height\":\"1024\",\"caption\":\"Enel Play Energy 2023\"},\"image\":{\"@id\":\"https:\/\/enel.tdigital.it\/es\/#\/schema\/logo\/image\/\"}}]}<\/script>\n<!-- \/ Yoast SEO plugin. -->","yoast_head_json":{"title":"Enel Play Energy 2023 | \u00bfEres un profesor?","description":"Enel Play Energy es el concurso que premia la sostenibilidad. Convi\u00e9rtete en Zero Champion y gana los premios en juego.","robots":{"index":"noindex","follow":"follow"},"og_locale":"es_ES","og_type":"article","og_title":"Enel Play Energy 2023","og_description":"Enel Play Energy es el concurso que premia la sostenibilidad. Participa en el juego, convi\u00e9rtete en Zero Champion y gana los premios en juego.","og_url":"https:\/\/enel.tdigital.it\/es\/profesor\/","og_site_name":"Enel Play Energy 2023","article_modified_time":"2023-10-26T08:51:31+00:00","og_image":[{"url":"https:\/\/enel.tdigital.it\/wp-content\/uploads\/2023\/08\/Enel-Play-Energy-2023-1024x576.jpg"}],"twitter_card":"summary_large_image","twitter_title":"Enel Play Energy 2023","twitter_description":"Enel Play Energy es el concurso que premia la sostenibilidad. Participa en el juego, convi\u00e9rtete en Zero Champion y gana los premios en juego.","twitter_image":"https:\/\/enel.tdigital.it\/wp-content\/uploads\/2023\/08\/Enel-Play-Energy-2023.jpg","twitter_misc":{"Tiempo de lectura":"3 minutos"},"schema":{"@context":"https:\/\/schema.org","@graph":[{"@type":"WebPage","@id":"https:\/\/enel.tdigital.it\/es\/profesor\/","url":"https:\/\/enel.tdigital.it\/es\/profesor\/","name":"Enel Play Energy 2023 | \u00bfEres un profesor?","isPartOf":{"@id":"https:\/\/enel.tdigital.it\/es\/#website"},"datePublished":"2023-08-24T08:54:57+00:00","dateModified":"2023-10-26T08:51:31+00:00","description":"Enel Play Energy es el concurso que premia la sostenibilidad. Convi\u00e9rtete en Zero Champion y gana los premios en juego.","breadcrumb":{"@id":"https:\/\/enel.tdigital.it\/es\/profesor\/#breadcrumb"},"inLanguage":"es","potentialAction":[{"@type":"ReadAction","target":["https:\/\/enel.tdigital.it\/es\/profesor\/"]}]},{"@type":"BreadcrumbList","@id":"https:\/\/enel.tdigital.it\/es\/profesor\/#breadcrumb","itemListElement":[{"@type":"ListItem","position":1,"name":"Home","item":"https:\/\/enel.tdigital.it\/es\/"},{"@type":"ListItem","position":2,"name":"\u00bfEres un profesor?"}]},{"@type":"WebSite","@id":"https:\/\/enel.tdigital.it\/es\/#website","url":"https:\/\/enel.tdigital.it\/es\/","name":"Enel Play Energy 2023","description":"Road to Zero","publisher":{"@id":"https:\/\/enel.tdigital.it\/es\/#organization"},"potentialAction":[{"@type":"SearchAction","target":{"@type":"EntryPoint","urlTemplate":"https:\/\/enel.tdigital.it\/es\/?s={search_term_string}"},"query-input":"required name=search_term_string"}],"inLanguage":"es"},{"@type":"Organization","@id":"https:\/\/enel.tdigital.it\/es\/#organization","name":"Enel Play Energy 2023","url":"https:\/\/enel.tdigital.it\/es\/","logo":{"@type":"ImageObject","inLanguage":"es","@id":"https:\/\/enel.tdigital.it\/es\/#\/schema\/logo\/image\/","url":"https:\/\/enel.tdigital.it\/wp-content\/uploads\/2023\/06\/ted-Tavola-disegno-27-copia-10.svg","contentUrl":"https:\/\/enel.tdigital.it\/wp-content\/uploads\/2023\/06\/ted-Tavola-disegno-27-copia-10.svg","width":"1024","height":"1024","caption":"Enel Play Energy 2023"},"image":{"@id":"https:\/\/enel.tdigital.it\/es\/#\/schema\/logo\/image\/"}}]}},"_links":{"self":[{"href":"https:\/\/enel.tdigital.it\/es\/wp-json\/wp\/v2\/pages\/7328","targetHints":{"allow":["GET"]}}],"collection":[{"href":"https:\/\/enel.tdigital.it\/es\/wp-json\/wp\/v2\/pages"}],"about":[{"href":"https:\/\/enel.tdigital.it\/es\/wp-json\/wp\/v2\/types\/page"}],"author":[{"embeddable":true,"href":"https:\/\/enel.tdigital.it\/es\/wp-json\/wp\/v2\/users\/2"}],"replies":[{"embeddable":true,"href":"https:\/\/enel.tdigital.it\/es\/wp-json\/wp\/v2\/comments?post=7328"}],"version-history":[{"count":10,"href":"https:\/\/enel.tdigital.it\/es\/wp-json\/wp\/v2\/pages\/7328\/revisions"}],"predecessor-version":[{"id":7823,"href":"https:\/\/enel.tdigital.it\/es\/wp-json\/wp\/v2\/pages\/7328\/revisions\/7823"}],"wp:attachment":[{"href":"https:\/\/enel.tdigital.it\/es\/wp-json\/wp\/v2\/media?parent=7328"}],"curies":[{"name":"wp","href":"https:\/\/api.w.org\/{rel}","templated":true}]}}