{"id":7342,"date":"2023-08-22T08:56:35","date_gmt":"2023-08-22T08:56:35","guid":{"rendered":"https:\/\/enel.tdigital.it\/faq\/"},"modified":"2023-10-26T08:07:22","modified_gmt":"2023-10-26T08:07:22","slug":"faq","status":"publish","type":"page","link":"https:\/\/enel.tdigital.it\/es\/faq\/","title":{"rendered":"FAQ"},"content":{"rendered":"[vc_row type=&#8221;full_width_background&#8221; full_screen_row_position=&#8221;middle&#8221; column_margin=&#8221;default&#8221; column_direction=&#8221;default&#8221; column_direction_tablet=&#8221;default&#8221; column_direction_phone=&#8221;default&#8221; bg_color=&#8221;#333333&#8243; bg_image=&#8221;6439&#8243; bg_position=&#8221;center bottom&#8221; background_image_loading=&#8221;default&#8221; bg_repeat=&#8221;no-repeat&#8221; video_bg=&#8221;use_video&#8221; background_video_loading=&#8221;default&#8221; scene_position=&#8221;center&#8221; text_color=&#8221;light&#8221; text_align=&#8221;left&#8221; row_border_radius=&#8221;none&#8221; row_border_radius_applies=&#8221;bg&#8221; overflow=&#8221;visible&#8221; enable_gradient=&#8221;true&#8221; color_overlay=&#8221;#0a0a0a&#8221; color_overlay_2=&#8221;rgba(2,2,2,0.65)&#8221; overlay_strength=&#8221;0.8&#8243; gradient_direction=&#8221;top_to_bottom&#8221; shape_divider_position=&#8221;bottom&#8221; bg_image_animation=&#8221;none&#8221; parallax_bg=&#8221;true&#8221; parallax_bg_speed=&#8221;fast&#8221; video_mute=&#8221;true&#8221; gradient_type=&#8221;default&#8221; shape_type=&#8221;&#8221;][vc_column column_padding=&#8221;padding-5-percent&#8221; column_padding_tablet=&#8221;inherit&#8221; column_padding_phone=&#8221;inherit&#8221; column_padding_position=&#8221;top-bottom&#8221; top_margin=&#8221;5%&#8221; column_element_direction_desktop=&#8221;default&#8221; column_element_spacing=&#8221;default&#8221; centered_text=&#8221;true&#8221; desktop_text_alignment=&#8221;default&#8221; tablet_text_alignment=&#8221;default&#8221; phone_text_alignment=&#8221;default&#8221; background_color_opacity=&#8221;1&#8243; background_hover_color_opacity=&#8221;1&#8243; column_backdrop_filter=&#8221;none&#8221; column_shadow=&#8221;none&#8221; column_border_radius=&#8221;none&#8221; column_link_target=&#8221;_self&#8221; column_position=&#8221;default&#8221; gradient_direction=&#8221;left_to_right&#8221; overlay_strength=&#8221;0.3&#8243; width=&#8221;1\/1&#8243; tablet_width_inherit=&#8221;default&#8221; animation_type=&#8221;default&#8221; bg_image_animation=&#8221;none&#8221; border_type=&#8221;simple&#8221; column_border_width=&#8221;none&#8221; column_border_style=&#8221;solid&#8221; column_padding_type=&#8221;default&#8221; gradient_type=&#8221;default&#8221;][vc_custom_heading text=&#8221;Preguntas Frecuentes&#8221; font_container=&#8221;tag:h5|text_align:center|color:rgba(255%2C255%2C255%2C0.74)&#8221; use_theme_fonts=&#8221;yes&#8221; css_animation=&#8221;fadeInUp&#8221;][split_line_heading animation_type=&#8221;line-reveal-by-space&#8221; font_style=&#8221;h2&#8243; line_reveal_by_space_text_effect=&#8221;default&#8221; content_alignment=&#8221;default&#8221; mobile_content_alignment=&#8221;inherit&#8221; link_target=&#8221;_self&#8221; text_content=&#8221;FAQ&#8221;]\n<h2>Let&#8217;s Change How We<\/h2>\n<h2>Manage Business<\/h2>\n[\/split_line_heading][\/vc_column][\/vc_row][vc_row type=&#8221;full_width_content&#8221; full_screen_row_position=&#8221;middle&#8221; column_margin=&#8221;custom&#8221; column_margin_custom=&#8221;7vw&#8221; equal_height=&#8221;yes&#8221; content_placement=&#8221;middle&#8221; column_direction=&#8221;default&#8221; column_direction_tablet=&#8221;default&#8221; column_direction_phone=&#8221;default&#8221; scene_position=&#8221;center&#8221; top_padding=&#8221;3%&#8221; bottom_padding=&#8221;3%&#8221; left_padding_desktop=&#8221;7vw&#8221; constrain_group_2=&#8221;yes&#8221; right_padding_desktop=&#8221;7vw&#8221; text_color=&#8221;dark&#8221; text_align=&#8221;left&#8221; row_border_radius=&#8221;none&#8221; row_border_radius_applies=&#8221;bg&#8221; overflow=&#8221;visible&#8221; advanced_gradient_angle=&#8221;0&#8243; overlay_strength=&#8221;0.8&#8243; gradient_direction=&#8221;left_to_right&#8221; shape_divider_color=&#8221;#000000&#8243; shape_divider_position=&#8221;bottom&#8221; shape_divider_height=&#8221;99%&#8221; bg_image_animation=&#8221;none&#8221; shape_type=&#8221;straight_section&#8221; gradient_type=&#8221;default&#8221;][vc_column column_element_direction_desktop=&#8221;default&#8221; column_element_spacing=&#8221;default&#8221; desktop_text_alignment=&#8221;default&#8221; tablet_text_alignment=&#8221;default&#8221; phone_text_alignment=&#8221;default&#8221; background_color_opacity=&#8221;1&#8243; background_hover_color_opacity=&#8221;1&#8243; column_backdrop_filter=&#8221;none&#8221; column_shadow=&#8221;none&#8221; column_border_radius=&#8221;none&#8221; column_link_target=&#8221;_self&#8221; column_position=&#8221;default&#8221; advanced_gradient_angle=&#8221;0&#8243; gradient_direction=&#8221;left_to_right&#8221; overlay_strength=&#8221;0.3&#8243; width=&#8221;2\/3&#8243; tablet_width_inherit=&#8221;default&#8221; animation_type=&#8221;default&#8221; bg_image_animation=&#8221;none&#8221; border_type=&#8221;simple&#8221; column_border_width=&#8221;none&#8221; column_border_style=&#8221;solid&#8221; column_padding_type=&#8221;advanced&#8221; gradient_type=&#8221;default&#8221;][toggles style=&#8221;minimal_shadow&#8221; accordion=&#8221;true&#8221; accordion_starting_functionality=&#8221;default&#8221; border_radius=&#8221;none&#8221;][toggle color=&#8221;Extra-Color-1&#8243; heading_tag=&#8221;h3&#8243; heading_tag_functionality=&#8221;default&#8221; title=&#8221;\u00bfQui\u00e9n puede participar al concurso?&#8221;][vc_column_text]Pueden participar en el concurso los estudiantes de edad comprendida entre los 14 y los 25 a\u00f1os y los profesores que ejerciten su profesi\u00f3n en el instituto escolar o universitario.[\/vc_column_text][\/toggle][toggle color=&#8221;Extra-Color-2&#8243; heading_tag=&#8221;h3&#8243; heading_tag_functionality=&#8221;default&#8221; title=&#8221;\u00bfC\u00f3mo registrarse en el concurso?&#8221;][vc_column_text]Basta con encender en la plataforma roadtozeroplayenergy.it y reg\u00edstrate como estudiante o como profesor introduciendo correctamente los datos requeridos. Para los menores de edad se requiere la autorizaci\u00f3n de un padre o de un tutor legal.[\/vc_column_text][\/toggle][toggle color=&#8221;Accent-Color&#8221; heading_tag=&#8221;h3&#8243; heading_tag_functionality=&#8221;default&#8221; title=&#8221;\u00bfPuedo registrarme si soy menor de edad?&#8221;][vc_column_text]Cuando te registres debes introducir en el campo de pedido correspondiente la direcci\u00f3n de correo electr\u00f3nico del padre o del tutor legal. Si tienes la edad inferior a 18 a\u00f1os, la normativa requiere que la participaci\u00f3n a manifestaci\u00f3n de premios sea autorizada por un padre o por un tutor legal. Una vez obtenida la autorizaci\u00f3n de tu padre\/tutor podr\u00e1s comenzar a jugar.[\/vc_column_text][\/toggle][toggle color=&#8221;Extra-Color-1&#8243; heading_tag=&#8221;h3&#8243; heading_tag_functionality=&#8221;default&#8221; title=&#8221;\u00bfEl concurso es gratuito?&#8221;][vc_column_text]S\u00ed, el concurso es gratuito y es promovido por Enel.[\/vc_column_text][\/toggle][toggle color=&#8221;Extra-Color-2&#8243; heading_tag=&#8221;h3&#8243; heading_tag_functionality=&#8221;default&#8221; title=&#8221;\u00bfC\u00f3mo se participa?&#8221;][vc_column_text]Reg\u00edstrate en la plataforma para completar las misiones sobre los argumentos relativos al tema de la sostenibilidad con un foco particular en los SGDs (los objetivos de desarrollo sostenible de las Naciones Unidas). Tienes un puntaje inicial expresado en KGI (Kilogramos de ignorancia) que deber\u00e1s reducir para obtener los premios. Las misiones requieren actividades de diferente tipo: creaci\u00f3n de contenidos, like y compartir en las redes sociales, invitar amigo y misi\u00f3n escuela.[\/vc_column_text][\/toggle][toggle color=&#8221;Accent-Color&#8221; heading_tag=&#8221;h3&#8243; heading_tag_functionality=&#8221;default&#8221; title=&#8221;\u00bfC\u00f3mo funciona Enel PlayEnergy?&#8221;][vc_column_text]<strong>Con\u00e9ctate<\/strong><br \/>\nAccede a la plataforma registrando tus datos. Tienes un puntaje inicial de 4.810 KGI que deber\u00e1s escalar contribuyendo a reducir las emisiones de gas invernadero con tus comportamientos virtuosos.<\/p>\n<p><strong>Elige la misi\u00f3n<\/strong><br \/>\nSe te sugerir\u00e1n misiones para realizar. Cada misi\u00f3n realizada te har\u00e1 reducir el puntaje inicial, de este modo obtendr\u00e1s medallas que te har\u00e1n subir de nivel y escalar en la tabla. No temas en equivocarte, bastar\u00e1 con seguir atentamente los pasos.<\/p>\n<p><strong>Canjea tu premio<\/strong><br \/>\nPara cada misi\u00f3n realizada correctamente, reducir\u00e1s tu puntaje de KGI (kg de ignorancia). Tus progresos para alcanzar la cuota cero emisiones son premiados convirtiendo los puntos ganados en gift cards.[\/vc_column_text][\/toggle][toggle color=&#8221;Extra-Color-1&#8243; heading_tag=&#8221;h3&#8243; heading_tag_functionality=&#8221;default&#8221; title=&#8221;\u00bfCu\u00e1nto dura el concurso?&#8221;][vc_column_text]El concurso est\u00e1 activo desde el 30 de octubre de 2023 al 30 de marzo de 2024. Podr\u00e1s inscribirte y participar al juego durante todo este periodo. Mientras antes te inscribas mejores posibilidades tendr\u00e1s de obtener las gift cards puestas en juego.[\/vc_column_text][\/toggle][toggle color=&#8221;Extra-Color-2&#8243; heading_tag=&#8221;h3&#8243; heading_tag_functionality=&#8221;default&#8221; title=&#8221;\u00bfCu\u00e1les son lso premios?&#8221;][vc_column_text]Los premios previstos para todos los usuarios son gift cards digitales a elecci\u00f3n en un cat\u00e1logo presente en la plataforma. El valor m\u00e1ximo de las gift cards es de 25 euros correspondientes al umbral de puntos de -2.500 KGI. Puedes elegir uno o varios bonos seg\u00fan el umbral de reducci\u00f3n del puntaje KGI que has alcanzado. Los premios que puedes pedir est\u00e1n disponibles para estos umbrales:<br \/>\n<strong>500 KGI<\/strong><br \/>\n<strong>1.000 KGI<\/strong><br \/>\n<strong>1.500 KGI<\/strong><br \/>\n<strong>2.000 KGI<\/strong><br \/>\n<strong>2.500 KGI<\/strong>[\/vc_column_text][\/toggle][toggle color=&#8221;Accent-Color&#8221; heading_tag=&#8221;h3&#8243; heading_tag_functionality=&#8221;default&#8221; title=&#8221;\u00bfC\u00f3mo hago para retirar el premio?&#8221;][vc_column_text]Accede a la secci\u00f3n PREMIOS de la plataforma puedes elegir aut\u00f3nomamente tu premio siguiendo las instrucciones que se muestran en la descripci\u00f3n de cada uno de estos. Los premios ser\u00e1n entregados a tu correo electr\u00f3nico.[\/vc_column_text][\/toggle][toggle color=&#8221;Extra-Color-1&#8243; heading_tag=&#8221;h3&#8243; heading_tag_functionality=&#8221;default&#8221; title=&#8221;\u00bfCu\u00e1ndo recibo el premio?&#8221;][vc_column_text]Los premios son entregados en la direcci\u00f3n de correo electr\u00f3nico proporcionado en la fase de registro dentro de XX d\u00edas desde el pedido. Para las condiciones de uso del bono te invitamos a tener en cuenta lo que figura en el sitio web del sujeto que lo expide.<\/p>\n[\/vc_column_text][\/toggle][toggle color=&#8221;Extra-Color-2&#8243; heading_tag=&#8221;h3&#8243; heading_tag_functionality=&#8221;default&#8221; title=&#8221;\u00bfEst\u00e1 prevista la moderaci\u00f3n de las misiones?&#8221;][vc_column_text]Algunas misiones requieren la introducci\u00f3n de una siempre prueba de ejecuci\u00f3n correcta. Esta ser\u00e1 mostrada por un operador de beckend solo con la tarea de acertar que la prueba responde a los pedidos de la misi\u00f3n.<\/p>\n[\/vc_column_text][\/toggle][toggle color=&#8221;Accent-Color&#8221; heading_tag=&#8221;h3&#8243; heading_tag_functionality=&#8221;default&#8221; title=&#8221;\u00bfA qui\u00e9n puedo dirigirme si encuentro un problema?&#8221;][vc_column_text]Para recibir informaciones puedes enviar un correo electr\u00f3nico en la direcci\u00f3n<a href=\"mailto:assistenza@roadtozeroplayenergy.it\"> assistenza@roadtozeroplayenergy.it<\/a><\/p>\n[\/vc_column_text][\/toggle][\/toggles][\/vc_column][vc_column right_padding_desktop=&#8221;2vw&#8221; top_margin_tablet=&#8221;10%&#8221; column_element_direction_desktop=&#8221;default&#8221; column_element_spacing=&#8221;default&#8221; desktop_text_alignment=&#8221;default&#8221; tablet_text_alignment=&#8221;default&#8221; phone_text_alignment=&#8221;default&#8221; background_color=&#8221;#ff0f64&#8243; background_color_opacity=&#8221;1&#8243; background_hover_color_opacity=&#8221;1&#8243; column_backdrop_filter=&#8221;none&#8221; column_shadow=&#8221;none&#8221; column_border_radius=&#8221;none&#8221; column_link_target=&#8221;_self&#8221; column_position=&#8221;default&#8221; advanced_gradient_angle=&#8221;0&#8243; gradient_direction=&#8221;left_to_right&#8221; overlay_strength=&#8221;0.3&#8243; width=&#8221;1\/3&#8243; tablet_width_inherit=&#8221;default&#8221; animation_type=&#8221;default&#8221; bg_image_animation=&#8221;none&#8221; border_type=&#8221;simple&#8221; column_border_width=&#8221;none&#8221; column_border_color=&#8221;#ff0f64&#8243; column_border_style=&#8221;solid&#8221; column_padding_type=&#8221;advanced&#8221; gradient_type=&#8221;default&#8221; offset=&#8221;vc_hidden-sm vc_hidden-xs&#8221;][vc_row_inner column_margin=&#8221;default&#8221; column_direction=&#8221;default&#8221; column_direction_tablet=&#8221;default&#8221; column_direction_phone=&#8221;default&#8221; text_align=&#8221;left&#8221; row_position=&#8221;default&#8221; row_position_tablet=&#8221;inherit&#8221; row_position_phone=&#8221;inherit&#8221; overflow=&#8221;visible&#8221; pointer_events=&#8221;all&#8221;][vc_column_inner column_padding=&#8221;no-extra-padding&#8221; column_padding_tablet=&#8221;inherit&#8221; column_padding_phone=&#8221;inherit&#8221; column_padding_position=&#8221;all&#8221; column_element_direction_desktop=&#8221;default&#8221; column_element_spacing=&#8221;default&#8221; desktop_text_alignment=&#8221;default&#8221; tablet_text_alignment=&#8221;default&#8221; phone_text_alignment=&#8221;default&#8221; background_color=&#8221;#ff0f64&#8243; background_color_opacity=&#8221;1&#8243; background_hover_color_opacity=&#8221;1&#8243; column_backdrop_filter=&#8221;none&#8221; column_shadow=&#8221;none&#8221; column_border_radius=&#8221;15px&#8221; column_link_target=&#8221;_self&#8221; overflow=&#8221;hidden&#8221; advanced_gradient_radial_position=&#8221;top right&#8221; width=&#8221;1\/1&#8243; tablet_width_inherit=&#8221;default&#8221; animation_type=&#8221;default&#8221; bg_image_animation=&#8221;none&#8221; border_type=&#8221;simple&#8221; column_border_width=&#8221;none&#8221; column_border_style=&#8221;solid&#8221; column_padding_type=&#8221;default&#8221; gradient_type=&#8221;advanced&#8221; advanced_gradient_display_type=&#8221;radial&#8221;][nectar_animated_shape shape_color=&#8221;#41b9e6&#8243; width_desktop=&#8221;600&#8243; animation=&#8221;none&#8221; animation_easing=&#8221;easeInOutCubic&#8221; animation_movement_type=&#8221;transform_y&#8221; position_desktop=&#8221;absolute&#8221; top_position_desktop=&#8221;0&#8243; bottom_position_desktop=&#8221;0&#8243; left_position_desktop=&#8221;0&#8243; translate_y_desktop=&#8221;10%&#8221; translate_x_desktop=&#8221;-50%&#8221; zindex=&#8221;-1&#8243; animation_offset=&#8221;160%&#8221;][image_with_animation image_url=&#8221;6290&#8243; image_size=&#8221;full&#8221; animation_type=&#8221;entrance&#8221; animation=&#8221;Fade In From Bottom&#8221; animation_easing=&#8221;default&#8221; animation_movement_type=&#8221;transform_y&#8221; animation_movement_intensity=&#8221;-2&#8243; hover_animation=&#8221;none&#8221; alignment=&#8221;center&#8221; border_radius=&#8221;none&#8221; box_shadow=&#8221;custom&#8221; box_shadow_method=&#8221;filter&#8221; image_loading=&#8221;default&#8221; max_width=&#8221;100%&#8221; max_width_mobile=&#8221;default&#8221; custom_box_shadow=&#8221;horizontal:-25,vertical:5,blur:25,spread:0,opacity:0&#8243; margin_top=&#8221;50%&#8221; margin_bottom=&#8221;50%&#8221;][\/vc_column_inner][\/vc_row_inner][\/vc_column][\/vc_row][vc_row type=&#8221;full_width_content&#8221; full_screen_row_position=&#8221;middle&#8221; column_margin=&#8221;default&#8221; column_direction=&#8221;default&#8221; column_direction_tablet=&#8221;default&#8221; column_direction_phone=&#8221;default&#8221; scene_position=&#8221;center&#8221; text_color=&#8221;dark&#8221; text_align=&#8221;left&#8221; row_border_radius=&#8221;none&#8221; row_border_radius_applies=&#8221;bg&#8221; overflow=&#8221;visible&#8221; overlay_strength=&#8221;0.5&#8243; gradient_direction=&#8221;left_to_right&#8221; shape_divider_position=&#8221;bottom&#8221; bg_image_animation=&#8221;none&#8221; gradient_type=&#8221;default&#8221; shape_type=&#8221;&#8221;][vc_column column_padding=&#8221;padding-4-percent&#8221; column_padding_tablet=&#8221;inherit&#8221; column_padding_phone=&#8221;inherit&#8221; column_padding_position=&#8221;all&#8221; top_margin=&#8221;-10&#8243; column_element_direction_desktop=&#8221;default&#8221; column_element_spacing=&#8221;default&#8221; centered_text=&#8221;true&#8221; desktop_text_alignment=&#8221;default&#8221; tablet_text_alignment=&#8221;default&#8221; phone_text_alignment=&#8221;default&#8221; background_color_opacity=&#8221;1&#8243; background_hover_color_opacity=&#8221;1&#8243; column_backdrop_filter=&#8221;none&#8221; column_shadow=&#8221;none&#8221; column_border_radius=&#8221;none&#8221; column_link_target=&#8221;_self&#8221; column_position=&#8221;default&#8221; gradient_direction=&#8221;left_to_right&#8221; overlay_strength=&#8221;0.3&#8243; width=&#8221;1\/1&#8243; tablet_width_inherit=&#8221;default&#8221; animation_type=&#8221;default&#8221; enable_animation=&#8221;true&#8221; animation=&#8221;fade-in-from-bottom&#8221; animation_easing=&#8221;default&#8221; bg_image_animation=&#8221;none&#8221; border_type=&#8221;simple&#8221; column_border_width=&#8221;none&#8221; column_border_style=&#8221;solid&#8221; column_padding_type=&#8221;default&#8221; gradient_type=&#8221;default&#8221;][nectar_btn size=&#8221;large&#8221; open_new_tab=&#8221;true&#8221; button_style=&#8221;regular&#8221; button_color_2=&#8221;Extra-Color-1&#8243; icon_family=&#8221;none&#8221; url=&#8221;\/wp-content\/uploads\/2023\/10\/Normas-de-ompetencia-PlayEnergy-Road-to-Zero.pdf&#8221; text=&#8221;LEE EL REGLAMENTO COMPLETO&#8221;][\/vc_column][\/vc_row]\n","protected":false},"excerpt":{"rendered":"<p>[vc_row type=&#8221;full_width_background&#8221; full_screen_row_position=&#8221;middle&#8221; column_margin=&#8221;default&#8221; column_direction=&#8221;default&#8221; column_direction_tablet=&#8221;default&#8221; column_direction_phone=&#8221;default&#8221; bg_color=&#8221;#333333&#8243; bg_image=&#8221;6439&#8243; bg_position=&#8221;center bottom&#8221; background_image_loading=&#8221;default&#8221; bg_repeat=&#8221;no-repeat&#8221; video_bg=&#8221;use_video&#8221; background_video_loading=&#8221;default&#8221;&#8230;<\/p>\n","protected":false},"author":2,"featured_media":0,"parent":0,"menu_order":20,"comment_status":"closed","ping_status":"closed","template":"","meta":{"inline_featured_image":false,"footnotes":""},"class_list":["post-7342","page","type-page","status-publish"],"yoast_head":"<!-- This site is optimized with the Yoast SEO plugin v21.4 - https:\/\/yoast.com\/wordpress\/plugins\/seo\/ -->\n<title>Enel Play Energy 2023 | FAQ<\/title>\n<meta name=\"description\" content=\"Enel Play Energy es el concurso que premia la sostenibilidad. Participa en el juego, convi\u00e9rtete en Zero Champion y gana los premios en juego.\" \/>\n<meta name=\"robots\" content=\"noindex, follow\" \/>\n<meta property=\"og:locale\" content=\"es_ES\" \/>\n<meta property=\"og:type\" content=\"article\" \/>\n<meta property=\"og:title\" content=\"Enel Play Energy 2023\" \/>\n<meta property=\"og:description\" content=\"Enel Play Energy es el concurso que premia la sostenibilidad. Participa en el juego, convi\u00e9rtete en Zero Champion y gana los premios en juego.\" \/>\n<meta property=\"og:url\" content=\"https:\/\/enel.tdigital.it\/es\/faq\/\" \/>\n<meta property=\"og:site_name\" content=\"Enel Play Energy 2023\" \/>\n<meta property=\"article:modified_time\" content=\"2023-10-26T08:07:22+00:00\" \/>\n<meta property=\"og:image\" content=\"https:\/\/enel.tdigital.it\/wp-content\/uploads\/2023\/08\/Enel-Play-Energy-2023-1024x576.jpg\" \/>\n<meta name=\"twitter:card\" content=\"summary_large_image\" \/>\n<meta name=\"twitter:title\" content=\"Enel Play Energy 2023\" \/>\n<meta name=\"twitter:description\" content=\"Enel Play Energy es el concurso que premia la sostenibilidad. Participa en el juego, convi\u00e9rtete en Zero Champion y gana los premios en juego.\" \/>\n<meta name=\"twitter:image\" content=\"https:\/\/enel.tdigital.it\/wp-content\/uploads\/2023\/08\/Enel-Play-Energy-2023.jpg\" \/>\n<meta name=\"twitter:label1\" content=\"Tiempo de lectura\" \/>\n\t<meta name=\"twitter:data1\" content=\"6 minutos\" \/>\n<script type=\"application\/ld+json\" class=\"yoast-schema-graph\">{\"@context\":\"https:\/\/schema.org\",\"@graph\":[{\"@type\":\"WebPage\",\"@id\":\"https:\/\/enel.tdigital.it\/es\/faq\/\",\"url\":\"https:\/\/enel.tdigital.it\/es\/faq\/\",\"name\":\"Enel Play Energy 2023 | FAQ\",\"isPartOf\":{\"@id\":\"https:\/\/enel.tdigital.it\/es\/#website\"},\"datePublished\":\"2023-08-22T08:56:35+00:00\",\"dateModified\":\"2023-10-26T08:07:22+00:00\",\"description\":\"Enel Play Energy es el concurso que premia la sostenibilidad. Participa en el juego, convi\u00e9rtete en Zero Champion y gana los premios en juego.\",\"breadcrumb\":{\"@id\":\"https:\/\/enel.tdigital.it\/es\/faq\/#breadcrumb\"},\"inLanguage\":\"es\",\"potentialAction\":[{\"@type\":\"ReadAction\",\"target\":[\"https:\/\/enel.tdigital.it\/es\/faq\/\"]}]},{\"@type\":\"BreadcrumbList\",\"@id\":\"https:\/\/enel.tdigital.it\/es\/faq\/#breadcrumb\",\"itemListElement\":[{\"@type\":\"ListItem\",\"position\":1,\"name\":\"Home\",\"item\":\"https:\/\/enel.tdigital.it\/es\/\"},{\"@type\":\"ListItem\",\"position\":2,\"name\":\"FAQ\"}]},{\"@type\":\"WebSite\",\"@id\":\"https:\/\/enel.tdigital.it\/es\/#website\",\"url\":\"https:\/\/enel.tdigital.it\/es\/\",\"name\":\"Enel Play Energy 2023\",\"description\":\"Road to Zero\",\"publisher\":{\"@id\":\"https:\/\/enel.tdigital.it\/es\/#organization\"},\"potentialAction\":[{\"@type\":\"SearchAction\",\"target\":{\"@type\":\"EntryPoint\",\"urlTemplate\":\"https:\/\/enel.tdigital.it\/es\/?s={search_term_string}\"},\"query-input\":\"required name=search_term_string\"}],\"inLanguage\":\"es\"},{\"@type\":\"Organization\",\"@id\":\"https:\/\/enel.tdigital.it\/es\/#organization\",\"name\":\"Enel Play Energy 2023\",\"url\":\"https:\/\/enel.tdigital.it\/es\/\",\"logo\":{\"@type\":\"ImageObject\",\"inLanguage\":\"es\",\"@id\":\"https:\/\/enel.tdigital.it\/es\/#\/schema\/logo\/image\/\",\"url\":\"https:\/\/enel.tdigital.it\/wp-content\/uploads\/2023\/06\/ted-Tavola-disegno-27-copia-10.svg\",\"contentUrl\":\"https:\/\/enel.tdigital.it\/wp-content\/uploads\/2023\/06\/ted-Tavola-disegno-27-copia-10.svg\",\"width\":\"1024\",\"height\":\"1024\",\"caption\":\"Enel Play Energy 2023\"},\"image\":{\"@id\":\"https:\/\/enel.tdigital.it\/es\/#\/schema\/logo\/image\/\"}}]}<\/script>\n<!-- \/ Yoast SEO plugin. -->","yoast_head_json":{"title":"Enel Play Energy 2023 | FAQ","description":"Enel Play Energy es el concurso que premia la sostenibilidad. Participa en el juego, convi\u00e9rtete en Zero Champion y gana los premios en juego.","robots":{"index":"noindex","follow":"follow"},"og_locale":"es_ES","og_type":"article","og_title":"Enel Play Energy 2023","og_description":"Enel Play Energy es el concurso que premia la sostenibilidad. Participa en el juego, convi\u00e9rtete en Zero Champion y gana los premios en juego.","og_url":"https:\/\/enel.tdigital.it\/es\/faq\/","og_site_name":"Enel Play Energy 2023","article_modified_time":"2023-10-26T08:07:22+00:00","og_image":[{"url":"https:\/\/enel.tdigital.it\/wp-content\/uploads\/2023\/08\/Enel-Play-Energy-2023-1024x576.jpg"}],"twitter_card":"summary_large_image","twitter_title":"Enel Play Energy 2023","twitter_description":"Enel Play Energy es el concurso que premia la sostenibilidad. Participa en el juego, convi\u00e9rtete en Zero Champion y gana los premios en juego.","twitter_image":"https:\/\/enel.tdigital.it\/wp-content\/uploads\/2023\/08\/Enel-Play-Energy-2023.jpg","twitter_misc":{"Tiempo de lectura":"6 minutos"},"schema":{"@context":"https:\/\/schema.org","@graph":[{"@type":"WebPage","@id":"https:\/\/enel.tdigital.it\/es\/faq\/","url":"https:\/\/enel.tdigital.it\/es\/faq\/","name":"Enel Play Energy 2023 | FAQ","isPartOf":{"@id":"https:\/\/enel.tdigital.it\/es\/#website"},"datePublished":"2023-08-22T08:56:35+00:00","dateModified":"2023-10-26T08:07:22+00:00","description":"Enel Play Energy es el concurso que premia la sostenibilidad. Participa en el juego, convi\u00e9rtete en Zero Champion y gana los premios en juego.","breadcrumb":{"@id":"https:\/\/enel.tdigital.it\/es\/faq\/#breadcrumb"},"inLanguage":"es","potentialAction":[{"@type":"ReadAction","target":["https:\/\/enel.tdigital.it\/es\/faq\/"]}]},{"@type":"BreadcrumbList","@id":"https:\/\/enel.tdigital.it\/es\/faq\/#breadcrumb","itemListElement":[{"@type":"ListItem","position":1,"name":"Home","item":"https:\/\/enel.tdigital.it\/es\/"},{"@type":"ListItem","position":2,"name":"FAQ"}]},{"@type":"WebSite","@id":"https:\/\/enel.tdigital.it\/es\/#website","url":"https:\/\/enel.tdigital.it\/es\/","name":"Enel Play Energy 2023","description":"Road to Zero","publisher":{"@id":"https:\/\/enel.tdigital.it\/es\/#organization"},"potentialAction":[{"@type":"SearchAction","target":{"@type":"EntryPoint","urlTemplate":"https:\/\/enel.tdigital.it\/es\/?s={search_term_string}"},"query-input":"required name=search_term_string"}],"inLanguage":"es"},{"@type":"Organization","@id":"https:\/\/enel.tdigital.it\/es\/#organization","name":"Enel Play Energy 2023","url":"https:\/\/enel.tdigital.it\/es\/","logo":{"@type":"ImageObject","inLanguage":"es","@id":"https:\/\/enel.tdigital.it\/es\/#\/schema\/logo\/image\/","url":"https:\/\/enel.tdigital.it\/wp-content\/uploads\/2023\/06\/ted-Tavola-disegno-27-copia-10.svg","contentUrl":"https:\/\/enel.tdigital.it\/wp-content\/uploads\/2023\/06\/ted-Tavola-disegno-27-copia-10.svg","width":"1024","height":"1024","caption":"Enel Play Energy 2023"},"image":{"@id":"https:\/\/enel.tdigital.it\/es\/#\/schema\/logo\/image\/"}}]}},"_links":{"self":[{"href":"https:\/\/enel.tdigital.it\/es\/wp-json\/wp\/v2\/pages\/7342","targetHints":{"allow":["GET"]}}],"collection":[{"href":"https:\/\/enel.tdigital.it\/es\/wp-json\/wp\/v2\/pages"}],"about":[{"href":"https:\/\/enel.tdigital.it\/es\/wp-json\/wp\/v2\/types\/page"}],"author":[{"embeddable":true,"href":"https:\/\/enel.tdigital.it\/es\/wp-json\/wp\/v2\/users\/2"}],"replies":[{"embeddable":true,"href":"https:\/\/enel.tdigital.it\/es\/wp-json\/wp\/v2\/comments?post=7342"}],"version-history":[{"count":10,"href":"https:\/\/enel.tdigital.it\/es\/wp-json\/wp\/v2\/pages\/7342\/revisions"}],"predecessor-version":[{"id":7811,"href":"https:\/\/enel.tdigital.it\/es\/wp-json\/wp\/v2\/pages\/7342\/revisions\/7811"}],"wp:attachment":[{"href":"https:\/\/enel.tdigital.it\/es\/wp-json\/wp\/v2\/media?parent=7342"}],"curies":[{"name":"wp","href":"https:\/\/api.w.org\/{rel}","templated":true}]}}