{"id":7327,"date":"2023-08-24T08:54:57","date_gmt":"2023-08-24T08:54:57","guid":{"rendered":"https:\/\/enel.tdigital.it\/insegnante\/"},"modified":"2023-10-26T08:52:11","modified_gmt":"2023-10-26T08:52:11","slug":"professor","status":"publish","type":"page","link":"https:\/\/enel.tdigital.it\/pt-br\/professor\/","title":{"rendered":"\u00c9 professor?"},"content":{"rendered":"[vc_row type=&#8221;full_width_background&#8221; full_screen_row_position=&#8221;middle&#8221; column_margin=&#8221;default&#8221; column_direction=&#8221;default&#8221; column_direction_tablet=&#8221;default&#8221; column_direction_phone=&#8221;default&#8221; bg_color=&#8221;#333333&#8243; bg_image=&#8221;6385&#8243; bg_position=&#8221;left top&#8221; background_image_loading=&#8221;default&#8221; bg_repeat=&#8221;no-repeat&#8221; video_bg=&#8221;use_video&#8221; background_video_loading=&#8221;default&#8221; scene_position=&#8221;center&#8221; text_color=&#8221;light&#8221; text_align=&#8221;left&#8221; row_border_radius=&#8221;none&#8221; row_border_radius_applies=&#8221;bg&#8221; overflow=&#8221;visible&#8221; enable_gradient=&#8221;true&#8221; color_overlay=&#8221;#0a0a0a&#8221; color_overlay_2=&#8221;rgba(2,2,2,0.65)&#8221; overlay_strength=&#8221;0.8&#8243; gradient_direction=&#8221;top_to_bottom&#8221; shape_divider_position=&#8221;bottom&#8221; bg_image_animation=&#8221;none&#8221; parallax_bg=&#8221;true&#8221; parallax_bg_speed=&#8221;fast&#8221; video_mute=&#8221;true&#8221; gradient_type=&#8221;default&#8221; shape_type=&#8221;&#8221;][vc_column column_padding=&#8221;padding-5-percent&#8221; column_padding_tablet=&#8221;inherit&#8221; column_padding_phone=&#8221;inherit&#8221; column_padding_position=&#8221;top-bottom&#8221; top_margin=&#8221;6%&#8221; column_element_direction_desktop=&#8221;default&#8221; column_element_spacing=&#8221;default&#8221; desktop_text_alignment=&#8221;default&#8221; tablet_text_alignment=&#8221;default&#8221; phone_text_alignment=&#8221;default&#8221; background_color_opacity=&#8221;1&#8243; background_hover_color_opacity=&#8221;1&#8243; column_backdrop_filter=&#8221;none&#8221; column_shadow=&#8221;none&#8221; column_border_radius=&#8221;none&#8221; column_link_target=&#8221;_self&#8221; column_position=&#8221;default&#8221; gradient_direction=&#8221;left_to_right&#8221; overlay_strength=&#8221;0.3&#8243; width=&#8221;2\/3&#8243; tablet_width_inherit=&#8221;default&#8221; animation_type=&#8221;default&#8221; bg_image_animation=&#8221;none&#8221; border_type=&#8221;simple&#8221; column_border_width=&#8221;none&#8221; column_border_style=&#8221;solid&#8221; column_padding_type=&#8221;default&#8221; gradient_type=&#8221;default&#8221;][vc_custom_heading text=&#8221;\u00c9 professor?&#8221; font_container=&#8221;tag:h5|text_align:left|color:rgba(255%2C255%2C255%2C0.74)&#8221; use_theme_fonts=&#8221;yes&#8221; css_animation=&#8221;fadeInUp&#8221;][split_line_heading animation_type=&#8221;line-reveal-by-space&#8221; font_style=&#8221;h2&#8243; line_reveal_by_space_text_effect=&#8221;default&#8221; content_alignment=&#8221;default&#8221; mobile_content_alignment=&#8221;inherit&#8221; link_target=&#8221;_self&#8221; text_content=&#8221;Leve sustentabilidade para a sala de aula&#8221;]\n<h2>Let&#8217;s Change How We<\/h2>\n<h2>Manage Business<\/h2>\n[\/split_line_heading][vc_row_inner column_margin=&#8221;default&#8221; column_direction=&#8221;default&#8221; column_direction_tablet=&#8221;default&#8221; column_direction_phone=&#8221;default&#8221; text_align=&#8221;left&#8221; row_position=&#8221;default&#8221; row_position_tablet=&#8221;inherit&#8221; row_position_phone=&#8221;inherit&#8221; overflow=&#8221;visible&#8221; pointer_events=&#8221;all&#8221;][vc_column_inner column_padding=&#8221;no-extra-padding&#8221; column_padding_tablet=&#8221;inherit&#8221; column_padding_phone=&#8221;inherit&#8221; column_padding_position=&#8221;all&#8221; column_element_direction_desktop=&#8221;default&#8221; column_element_spacing=&#8221;default&#8221; desktop_text_alignment=&#8221;default&#8221; tablet_text_alignment=&#8221;default&#8221; phone_text_alignment=&#8221;default&#8221; background_color_opacity=&#8221;1&#8243; background_hover_color_opacity=&#8221;1&#8243; column_backdrop_filter=&#8221;none&#8221; column_shadow=&#8221;none&#8221; column_border_radius=&#8221;none&#8221; column_link_target=&#8221;_self&#8221; overflow=&#8221;visible&#8221; gradient_direction=&#8221;left_to_right&#8221; overlay_strength=&#8221;0.3&#8243; width=&#8221;1\/1&#8243; tablet_width_inherit=&#8221;default&#8221; animation_type=&#8221;default&#8221; enable_animation=&#8221;true&#8221; animation=&#8221;fade-in-from-bottom&#8221; animation_easing=&#8221;default&#8221; bg_image_animation=&#8221;none&#8221; border_type=&#8221;simple&#8221; column_border_width=&#8221;none&#8221; column_border_style=&#8221;solid&#8221; delay=&#8221;300&#8243;][vc_custom_heading text=&#8221;\u201cRoad to Zero\u201d, do PlayEnergy, \u00e9 a oportunidade que voc\u00ea estava esperando para captar e catalisar a aten\u00e7\u00e3o dos jovens para as quest\u00f5es cada vez mais importantes da luta contra as mudan\u00e7as clim\u00e1ticas, das energias limpas, da economia circular e da sustentabilidade.<br \/>\nGra\u00e7as a um mecanismo de jogo simples e envolvente, os jovens poder\u00e3o aprender novas no\u00e7\u00f5es sobre temas importantes relacionados com a educa\u00e7\u00e3o ecol\u00f3gica e c\u00edvica, al\u00e9m de poderem ganhar pr\u00eamios que combinam com o mundo da gera\u00e7\u00e3o Z enquanto se divertem enfrentando novas miss\u00f5es.&#8221; font_container=&#8221;tag:p|text_align:left|color:rgba(255%2C255%2C255%2C0.7)&#8221; use_theme_fonts=&#8221;yes&#8221;][\/vc_column_inner][\/vc_row_inner][nectar_btn size=&#8221;large&#8221; open_new_tab=&#8221;true&#8221; button_style=&#8221;regular&#8221; button_color_2=&#8221;Extra-Color-1&#8243; icon_family=&#8221;none&#8221; url=&#8221;https:\/\/pt.roadtozeroplayenergy.it\/subscribe&#8221; text=&#8221;INSCREVA-SE AGORA&#8221; margin_top=&#8221;30&#8243; css_animation=&#8221;fadeInUp&#8221;][\/vc_column][vc_column column_padding=&#8221;padding-4-percent&#8221; column_padding_tablet=&#8221;inherit&#8221; column_padding_phone=&#8221;inherit&#8221; column_padding_position=&#8221;top&#8221; bottom_margin=&#8221;-400&#8243; column_element_direction_desktop=&#8221;default&#8221; column_element_spacing=&#8221;default&#8221; desktop_text_alignment=&#8221;default&#8221; tablet_text_alignment=&#8221;default&#8221; phone_text_alignment=&#8221;default&#8221; background_color_opacity=&#8221;1&#8243; background_hover_color_opacity=&#8221;1&#8243; column_backdrop_filter=&#8221;none&#8221; column_shadow=&#8221;none&#8221; column_border_radius=&#8221;none&#8221; column_link_target=&#8221;_self&#8221; column_position=&#8221;default&#8221; gradient_direction=&#8221;left_to_right&#8221; overlay_strength=&#8221;0.3&#8243; width=&#8221;1\/3&#8243; tablet_width_inherit=&#8221;default&#8221; animation_type=&#8221;default&#8221; bg_image_animation=&#8221;none&#8221; border_type=&#8221;simple&#8221; column_border_width=&#8221;none&#8221; column_border_style=&#8221;solid&#8221; column_padding_type=&#8221;default&#8221; gradient_type=&#8221;default&#8221; offset=&#8221;vc_hidden-sm vc_hidden-xs&#8221;][image_with_animation image_url=&#8221;6398&#8243; image_size=&#8221;medium_large&#8221; animation_type=&#8221;entrance&#8221; animation=&#8221;Fade In From Bottom&#8221; animation_easing=&#8221;default&#8221; animation_movement_type=&#8221;transform_y&#8221; hover_animation=&#8221;zoom&#8221; alignment=&#8221;&#8221; border_radius=&#8221;none&#8221; box_shadow=&#8221;none&#8221; image_loading=&#8221;default&#8221; max_width=&#8221;custom&#8221; max_width_custom=&#8221;80%&#8221; margin_bottom=&#8221;-10&#8243;][\/vc_column][\/vc_row][vc_row type=&#8221;full_width_content&#8221; full_screen_row_position=&#8221;middle&#8221; column_margin=&#8221;default&#8221; equal_height=&#8221;yes&#8221; content_placement=&#8221;middle&#8221; column_direction=&#8221;default&#8221; column_direction_tablet=&#8221;default&#8221; column_direction_phone=&#8221;default&#8221; bg_color=&#8221;#232323&#8243; scene_position=&#8221;center&#8221; text_color=&#8221;dark&#8221; text_align=&#8221;left&#8221; row_border_radius=&#8221;none&#8221; row_border_radius_applies=&#8221;bg&#8221; overflow=&#8221;visible&#8221; overlay_strength=&#8221;0.3&#8243; gradient_direction=&#8221;left_to_right&#8221; shape_divider_position=&#8221;bottom&#8221; bg_image_animation=&#8221;none&#8221; gradient_type=&#8221;default&#8221; shape_type=&#8221;&#8221;][vc_column column_padding=&#8221;no-extra-padding&#8221; column_padding_tablet=&#8221;inherit&#8221; column_padding_phone=&#8221;inherit&#8221; column_padding_position=&#8221;all&#8221; column_element_direction_desktop=&#8221;default&#8221; column_element_spacing=&#8221;default&#8221; desktop_text_alignment=&#8221;default&#8221; tablet_text_alignment=&#8221;default&#8221; phone_text_alignment=&#8221;default&#8221; background_color_opacity=&#8221;1&#8243; background_hover_color_opacity=&#8221;1&#8243; background_image=&#8221;6561&#8243; background_image_position=&#8221;center center&#8221; background_image_stacking=&#8221;default&#8221; enable_bg_scale=&#8221;true&#8221; background_image_loading=&#8221;default&#8221; column_backdrop_filter=&#8221;none&#8221; column_shadow=&#8221;none&#8221; column_border_radius=&#8221;none&#8221; column_link_target=&#8221;_self&#8221; column_position=&#8221;default&#8221; gradient_direction=&#8221;left_to_right&#8221; overlay_strength=&#8221;0.3&#8243; width=&#8221;1\/2&#8243; tablet_width_inherit=&#8221;default&#8221; animation_type=&#8221;default&#8221; bg_image_animation=&#8221;none&#8221; parallax_bg=&#8221;true&#8221; parallax_bg_speed=&#8221;minimum&#8221; border_type=&#8221;simple&#8221; column_border_width=&#8221;none&#8221; column_border_style=&#8221;solid&#8221; column_padding_type=&#8221;default&#8221; gradient_type=&#8221;default&#8221;][image_with_animation image_url=&#8221;6352&#8243; image_size=&#8221;medium_large&#8221; animation_type=&#8221;entrance&#8221; animation=&#8221;Fade In From Bottom&#8221; animation_easing=&#8221;default&#8221; animation_movement_type=&#8221;transform_y&#8221; hover_animation=&#8221;zoom&#8221; alignment=&#8221;right&#8221; border_radius=&#8221;none&#8221; box_shadow=&#8221;none&#8221; image_loading=&#8221;default&#8221; max_width=&#8221;custom&#8221; max_width_custom=&#8221;38%&#8221; margin_right=&#8221;-150&#8243;][\/vc_column][vc_column column_padding=&#8221;padding-9-percent&#8221; column_padding_tablet=&#8221;inherit&#8221; column_padding_phone=&#8221;inherit&#8221; column_padding_position=&#8221;all&#8221; column_element_direction_desktop=&#8221;default&#8221; column_element_spacing=&#8221;default&#8221; desktop_text_alignment=&#8221;default&#8221; tablet_text_alignment=&#8221;default&#8221; phone_text_alignment=&#8221;default&#8221; background_color=&#8221;#ffffff&#8221; background_color_opacity=&#8221;1&#8243; background_hover_color_opacity=&#8221;1&#8243; column_backdrop_filter=&#8221;none&#8221; column_shadow=&#8221;none&#8221; column_border_radius=&#8221;none&#8221; column_link_target=&#8221;_self&#8221; column_position=&#8221;default&#8221; gradient_direction=&#8221;left_to_right&#8221; overlay_strength=&#8221;0.3&#8243; width=&#8221;1\/2&#8243; tablet_width_inherit=&#8221;default&#8221; animation_type=&#8221;default&#8221; bg_image_animation=&#8221;none&#8221; border_type=&#8221;simple&#8221; column_border_width=&#8221;none&#8221; column_border_style=&#8221;solid&#8221; column_padding_type=&#8221;default&#8221; gradient_type=&#8221;default&#8221;][vc_row_inner column_margin=&#8221;default&#8221; column_direction=&#8221;default&#8221; column_direction_tablet=&#8221;default&#8221; column_direction_phone=&#8221;default&#8221; text_align=&#8221;left&#8221; row_position=&#8221;default&#8221; row_position_tablet=&#8221;inherit&#8221; row_position_phone=&#8221;inherit&#8221; overflow=&#8221;visible&#8221; pointer_events=&#8221;all&#8221;][vc_column_inner column_padding=&#8221;no-extra-padding&#8221; column_padding_tablet=&#8221;inherit&#8221; column_padding_phone=&#8221;inherit&#8221; column_padding_position=&#8221;all&#8221; column_element_direction_desktop=&#8221;default&#8221; column_element_spacing=&#8221;default&#8221; desktop_text_alignment=&#8221;default&#8221; tablet_text_alignment=&#8221;default&#8221; phone_text_alignment=&#8221;default&#8221; background_color_opacity=&#8221;1&#8243; background_hover_color_opacity=&#8221;1&#8243; column_backdrop_filter=&#8221;none&#8221; column_shadow=&#8221;none&#8221; column_border_radius=&#8221;none&#8221; column_link_target=&#8221;_self&#8221; overflow=&#8221;visible&#8221; gradient_direction=&#8221;left_to_right&#8221; overlay_strength=&#8221;0.3&#8243; width=&#8221;1\/1&#8243; tablet_width_inherit=&#8221;default&#8221; animation_type=&#8221;default&#8221; enable_animation=&#8221;true&#8221; animation=&#8221;fade-in-from-right&#8221; animation_easing=&#8221;default&#8221; bg_image_animation=&#8221;none&#8221; border_type=&#8221;simple&#8221; column_border_width=&#8221;none&#8221; column_border_style=&#8221;solid&#8221; column_padding_type=&#8221;default&#8221; gradient_type=&#8221;default&#8221; delay=&#8221;2&#8243;][vc_custom_heading text=&#8221;Vantagens para os professores&#8221; font_container=&#8221;tag:h5|text_align:left|color:%23000000&#8243; use_theme_fonts=&#8221;yes&#8221; css=&#8221;.vc_custom_1696241303307{margin-bottom: 10px !important;}&#8221;][nectar_gradient_text heading_tag=&#8221;h2&#8243; color=&#8221;extra-color-gradient-2&#8243; gradient_direction=&#8221;diagonal&#8221; text=&#8221;PlayEnergy<br \/>\n&#8220;Road to Zero&#8220;&#8221;][vc_custom_heading text=&#8221;O PlayEnergy representa um m\u00e9todo digital, alternativo e divertido para ensinar o tema do Desenvolvimento Sustent\u00e1vel em sala de aula. Gra\u00e7as ao uso da l\u00f3gica da gamifica\u00e7\u00e3o e de uma linguagem pr\u00f3pria da gera\u00e7\u00e3o Z, ele possibilita levar uma ferramenta digital e interativa para a sala de aula para intrigar, estimular e envolver totalmente os seus alunos.<br \/>\nVoc\u00ea se tornar\u00e1 parte ativa do projeto, acompanhando seus alunos no cumprimento da \u201cMiss\u00e3o Escolar\u201d que trata de assuntos relacionados ao tema da sustentabilidade, com foco particular nos ODSs (Objetivos de Desenvolvimento Sustent\u00e1vel das Na\u00e7\u00f5es Unidas).<br \/>\nAo se inscrever no PlayEnergy, voc\u00ea ter\u00e1 acesso aos \u201cPlanos de Aula\u201d, documentos \u00fateis para a realiza\u00e7\u00e3o da Miss\u00e3o Escolar, apoiando e enriquecendo o trabalho realizado em sala de aula com meninos e meninas sobre os temas do PlayEnergy.&#8221; font_container=&#8221;tag:p|text_align:left|color:rgba(10%2C10%2C10%2C0.6)&#8221; use_theme_fonts=&#8221;yes&#8221;][nectar_btn size=&#8221;large&#8221; open_new_tab=&#8221;true&#8221; button_style=&#8221;regular&#8221; button_color_2=&#8221;Accent-Color&#8221; icon_family=&#8221;none&#8221; url=&#8221;https:\/\/pt.roadtozeroplayenergy.it\/subscribe&#8221; text=&#8221;INSCREVA-SE AGORA MESMO&#8221; margin_top=&#8221;10&#8243;][\/vc_column_inner][\/vc_row_inner][\/vc_column][\/vc_row]\n","protected":false},"excerpt":{"rendered":"<p>[vc_row type=&#8221;full_width_background&#8221; full_screen_row_position=&#8221;middle&#8221; column_margin=&#8221;default&#8221; column_direction=&#8221;default&#8221; column_direction_tablet=&#8221;default&#8221; column_direction_phone=&#8221;default&#8221; bg_color=&#8221;#333333&#8243; bg_image=&#8221;6385&#8243; bg_position=&#8221;left top&#8221; background_image_loading=&#8221;default&#8221; bg_repeat=&#8221;no-repeat&#8221; video_bg=&#8221;use_video&#8221; background_video_loading=&#8221;default&#8221;&#8230;<\/p>\n","protected":false},"author":2,"featured_media":0,"parent":0,"menu_order":17,"comment_status":"closed","ping_status":"closed","template":"","meta":{"inline_featured_image":false,"footnotes":""},"class_list":["post-7327","page","type-page","status-publish"],"yoast_head":"<!-- This site is optimized with the Yoast SEO plugin v21.4 - https:\/\/yoast.com\/wordpress\/plugins\/seo\/ -->\n<title>Enel Play Energy 2023 | \u00c9 professor?<\/title>\n<meta name=\"description\" content=\"Enel Play Energy \u00e9 a competi\u00e7\u00e3o que premia a sustentabilidade. Participe do jogo, torne-se um Campe\u00e3o Zero e ganhe pr\u00eamios em disputa.\" \/>\n<meta name=\"robots\" content=\"noindex, follow\" \/>\n<meta property=\"og:locale\" content=\"pt_BR\" \/>\n<meta property=\"og:type\" content=\"article\" \/>\n<meta property=\"og:title\" content=\"Enel Play Energy 2023\" \/>\n<meta property=\"og:description\" content=\"Enel Play Energy \u00e9 a competi\u00e7\u00e3o que premia a sustentabilidade. Participe do jogo, torne-se um Campe\u00e3o Zero e ganhe pr\u00eamios em disputa.\" \/>\n<meta property=\"og:url\" content=\"https:\/\/enel.tdigital.it\/pt-br\/professor\/\" \/>\n<meta property=\"og:site_name\" content=\"Enel Play Energy 2023\" \/>\n<meta property=\"article:modified_time\" content=\"2023-10-26T08:52:11+00:00\" \/>\n<meta property=\"og:image\" content=\"https:\/\/enel.tdigital.it\/wp-content\/uploads\/2023\/08\/Enel-Play-Energy-2023.jpg\" \/>\n\t<meta property=\"og:image:width\" content=\"1200\" \/>\n\t<meta property=\"og:image:height\" content=\"675\" \/>\n\t<meta property=\"og:image:type\" content=\"image\/jpeg\" \/>\n<meta name=\"twitter:card\" content=\"summary_large_image\" \/>\n<meta name=\"twitter:title\" content=\"Enel Play Energy 2023\" \/>\n<meta name=\"twitter:description\" content=\"Enel Play Energy \u00e9 a competi\u00e7\u00e3o que premia a sustentabilidade. Participe do jogo, torne-se um Campe\u00e3o Zero e ganhe pr\u00eamios em disputa.\" \/>\n<meta name=\"twitter:image\" content=\"https:\/\/enel.tdigital.it\/wp-content\/uploads\/2023\/08\/Enel-Play-Energy-2023.jpg\" \/>\n<meta name=\"twitter:label1\" content=\"Est. tempo de leitura\" \/>\n\t<meta name=\"twitter:data1\" content=\"4 minutos\" \/>\n<script type=\"application\/ld+json\" class=\"yoast-schema-graph\">{\"@context\":\"https:\/\/schema.org\",\"@graph\":[{\"@type\":\"WebPage\",\"@id\":\"https:\/\/enel.tdigital.it\/pt-br\/professor\/\",\"url\":\"https:\/\/enel.tdigital.it\/pt-br\/professor\/\",\"name\":\"Enel Play Energy 2023 | \u00c9 professor?\",\"isPartOf\":{\"@id\":\"https:\/\/enel.tdigital.it\/pt-br\/#website\"},\"datePublished\":\"2023-08-24T08:54:57+00:00\",\"dateModified\":\"2023-10-26T08:52:11+00:00\",\"description\":\"Enel Play Energy \u00e9 a competi\u00e7\u00e3o que premia a sustentabilidade. Participe do jogo, torne-se um Campe\u00e3o Zero e ganhe pr\u00eamios em disputa.\",\"breadcrumb\":{\"@id\":\"https:\/\/enel.tdigital.it\/pt-br\/professor\/#breadcrumb\"},\"inLanguage\":\"pt-BR\",\"potentialAction\":[{\"@type\":\"ReadAction\",\"target\":[\"https:\/\/enel.tdigital.it\/pt-br\/professor\/\"]}]},{\"@type\":\"BreadcrumbList\",\"@id\":\"https:\/\/enel.tdigital.it\/pt-br\/professor\/#breadcrumb\",\"itemListElement\":[{\"@type\":\"ListItem\",\"position\":1,\"name\":\"Home\",\"item\":\"https:\/\/enel.tdigital.it\/pt-br\/\"},{\"@type\":\"ListItem\",\"position\":2,\"name\":\"\u00c9 professor?\"}]},{\"@type\":\"WebSite\",\"@id\":\"https:\/\/enel.tdigital.it\/pt-br\/#website\",\"url\":\"https:\/\/enel.tdigital.it\/pt-br\/\",\"name\":\"Enel Play Energy 2023\",\"description\":\"Road to Zero\",\"publisher\":{\"@id\":\"https:\/\/enel.tdigital.it\/pt-br\/#organization\"},\"potentialAction\":[{\"@type\":\"SearchAction\",\"target\":{\"@type\":\"EntryPoint\",\"urlTemplate\":\"https:\/\/enel.tdigital.it\/pt-br\/?s={search_term_string}\"},\"query-input\":\"required name=search_term_string\"}],\"inLanguage\":\"pt-BR\"},{\"@type\":\"Organization\",\"@id\":\"https:\/\/enel.tdigital.it\/pt-br\/#organization\",\"name\":\"Enel Play Energy 2023\",\"url\":\"https:\/\/enel.tdigital.it\/pt-br\/\",\"logo\":{\"@type\":\"ImageObject\",\"inLanguage\":\"pt-BR\",\"@id\":\"https:\/\/enel.tdigital.it\/pt-br\/#\/schema\/logo\/image\/\",\"url\":\"https:\/\/enel.tdigital.it\/wp-content\/uploads\/2023\/06\/ted-Tavola-disegno-27-copia-10.svg\",\"contentUrl\":\"https:\/\/enel.tdigital.it\/wp-content\/uploads\/2023\/06\/ted-Tavola-disegno-27-copia-10.svg\",\"width\":\"1024\",\"height\":\"1024\",\"caption\":\"Enel Play Energy 2023\"},\"image\":{\"@id\":\"https:\/\/enel.tdigital.it\/pt-br\/#\/schema\/logo\/image\/\"}}]}<\/script>\n<!-- \/ Yoast SEO plugin. -->","yoast_head_json":{"title":"Enel Play Energy 2023 | \u00c9 professor?","description":"Enel Play Energy \u00e9 a competi\u00e7\u00e3o que premia a sustentabilidade. Participe do jogo, torne-se um Campe\u00e3o Zero e ganhe pr\u00eamios em disputa.","robots":{"index":"noindex","follow":"follow"},"og_locale":"pt_BR","og_type":"article","og_title":"Enel Play Energy 2023","og_description":"Enel Play Energy \u00e9 a competi\u00e7\u00e3o que premia a sustentabilidade. Participe do jogo, torne-se um Campe\u00e3o Zero e ganhe pr\u00eamios em disputa.","og_url":"https:\/\/enel.tdigital.it\/pt-br\/professor\/","og_site_name":"Enel Play Energy 2023","article_modified_time":"2023-10-26T08:52:11+00:00","og_image":[{"width":1200,"height":675,"url":"https:\/\/enel.tdigital.it\/wp-content\/uploads\/2023\/08\/Enel-Play-Energy-2023.jpg","type":"image\/jpeg"}],"twitter_card":"summary_large_image","twitter_title":"Enel Play Energy 2023","twitter_description":"Enel Play Energy \u00e9 a competi\u00e7\u00e3o que premia a sustentabilidade. Participe do jogo, torne-se um Campe\u00e3o Zero e ganhe pr\u00eamios em disputa.","twitter_image":"https:\/\/enel.tdigital.it\/wp-content\/uploads\/2023\/08\/Enel-Play-Energy-2023.jpg","twitter_misc":{"Est. tempo de leitura":"4 minutos"},"schema":{"@context":"https:\/\/schema.org","@graph":[{"@type":"WebPage","@id":"https:\/\/enel.tdigital.it\/pt-br\/professor\/","url":"https:\/\/enel.tdigital.it\/pt-br\/professor\/","name":"Enel Play Energy 2023 | \u00c9 professor?","isPartOf":{"@id":"https:\/\/enel.tdigital.it\/pt-br\/#website"},"datePublished":"2023-08-24T08:54:57+00:00","dateModified":"2023-10-26T08:52:11+00:00","description":"Enel Play Energy \u00e9 a competi\u00e7\u00e3o que premia a sustentabilidade. Participe do jogo, torne-se um Campe\u00e3o Zero e ganhe pr\u00eamios em disputa.","breadcrumb":{"@id":"https:\/\/enel.tdigital.it\/pt-br\/professor\/#breadcrumb"},"inLanguage":"pt-BR","potentialAction":[{"@type":"ReadAction","target":["https:\/\/enel.tdigital.it\/pt-br\/professor\/"]}]},{"@type":"BreadcrumbList","@id":"https:\/\/enel.tdigital.it\/pt-br\/professor\/#breadcrumb","itemListElement":[{"@type":"ListItem","position":1,"name":"Home","item":"https:\/\/enel.tdigital.it\/pt-br\/"},{"@type":"ListItem","position":2,"name":"\u00c9 professor?"}]},{"@type":"WebSite","@id":"https:\/\/enel.tdigital.it\/pt-br\/#website","url":"https:\/\/enel.tdigital.it\/pt-br\/","name":"Enel Play Energy 2023","description":"Road to Zero","publisher":{"@id":"https:\/\/enel.tdigital.it\/pt-br\/#organization"},"potentialAction":[{"@type":"SearchAction","target":{"@type":"EntryPoint","urlTemplate":"https:\/\/enel.tdigital.it\/pt-br\/?s={search_term_string}"},"query-input":"required name=search_term_string"}],"inLanguage":"pt-BR"},{"@type":"Organization","@id":"https:\/\/enel.tdigital.it\/pt-br\/#organization","name":"Enel Play Energy 2023","url":"https:\/\/enel.tdigital.it\/pt-br\/","logo":{"@type":"ImageObject","inLanguage":"pt-BR","@id":"https:\/\/enel.tdigital.it\/pt-br\/#\/schema\/logo\/image\/","url":"https:\/\/enel.tdigital.it\/wp-content\/uploads\/2023\/06\/ted-Tavola-disegno-27-copia-10.svg","contentUrl":"https:\/\/enel.tdigital.it\/wp-content\/uploads\/2023\/06\/ted-Tavola-disegno-27-copia-10.svg","width":"1024","height":"1024","caption":"Enel Play Energy 2023"},"image":{"@id":"https:\/\/enel.tdigital.it\/pt-br\/#\/schema\/logo\/image\/"}}]}},"_links":{"self":[{"href":"https:\/\/enel.tdigital.it\/pt-br\/wp-json\/wp\/v2\/pages\/7327","targetHints":{"allow":["GET"]}}],"collection":[{"href":"https:\/\/enel.tdigital.it\/pt-br\/wp-json\/wp\/v2\/pages"}],"about":[{"href":"https:\/\/enel.tdigital.it\/pt-br\/wp-json\/wp\/v2\/types\/page"}],"author":[{"embeddable":true,"href":"https:\/\/enel.tdigital.it\/pt-br\/wp-json\/wp\/v2\/users\/2"}],"replies":[{"embeddable":true,"href":"https:\/\/enel.tdigital.it\/pt-br\/wp-json\/wp\/v2\/comments?post=7327"}],"version-history":[{"count":14,"href":"https:\/\/enel.tdigital.it\/pt-br\/wp-json\/wp\/v2\/pages\/7327\/revisions"}],"predecessor-version":[{"id":7824,"href":"https:\/\/enel.tdigital.it\/pt-br\/wp-json\/wp\/v2\/pages\/7327\/revisions\/7824"}],"wp:attachment":[{"href":"https:\/\/enel.tdigital.it\/pt-br\/wp-json\/wp\/v2\/media?parent=7327"}],"curies":[{"name":"wp","href":"https:\/\/api.w.org\/{rel}","templated":true}]}}